{"id":2415,"date":"2023-07-18T15:27:11","date_gmt":"2023-07-18T13:27:11","guid":{"rendered":"https:\/\/2024.seehof-valbella.ch\/contact-us\/"},"modified":"2026-04-29T13:36:13","modified_gmt":"2026-04-29T11:36:13","slug":"contact-us","status":"publish","type":"page","link":"https:\/\/seehof-valbella.ch\/en\/contact-us\/","title":{"rendered":"Contact"},"content":{"rendered":"\t\t<div data-elementor-type=\"wp-page\" data-elementor-id=\"2415\" class=\"elementor elementor-2415 elementor-37\" data-elementor-post-type=\"page\">\n\t\t\t\t<div class=\"elementor-element elementor-element-0610c16 e-flex e-con-boxed e-con e-parent\" data-id=\"0610c16\" data-element_type=\"container\" data-settings=\"{&quot;background_background&quot;:&quot;classic&quot;}\">\n\t\t\t\t\t<div class=\"e-con-inner\">\n\t\t\t\t<div class=\"elementor-element elementor-element-6d53fd4 elementor-widget elementor-widget-heading\" data-id=\"6d53fd4\" data-element_type=\"widget\" data-widget_type=\"heading.default\">\n\t\t\t\t<div class=\"elementor-widget-container\">\n\t\t\t\t\t<h1 class=\"elementor-heading-title elementor-size-default\">Contact<\/h1>\t\t\t\t<\/div>\n\t\t\t\t<\/div>\n\t\t<div class=\"elementor-element elementor-element-8a3e0f3 e-con-full e-flex e-con e-child\" data-id=\"8a3e0f3\" data-element_type=\"container\">\n\t\t<div class=\"elementor-element elementor-element-96a6940 e-con-full e-flex e-con e-child\" data-id=\"96a6940\" data-element_type=\"container\">\n\t\t\t\t<div class=\"elementor-element elementor-element-0951525 elementor-widget elementor-widget-shortcode\" data-id=\"0951525\" data-element_type=\"widget\" data-widget_type=\"shortcode.default\">\n\t\t\t\t<div class=\"elementor-widget-container\">\n\t\t\t\t\t\t\t<div class=\"elementor-shortcode\"><form action=\"https:\/\/seehof-valbella.ch\/en\/wp-json\/ws-form\/v1\/submit\" class=\"wsf-form wsf-form-canvas\" id=\"ws-form-1\" data-id=\"1\" data-instance-id=\"1\" method=\"POST\"><\/form><\/div>\n\t\t\t\t\t\t<\/div>\n\t\t\t\t<\/div>\n\t\t\t\t<\/div>\n\t\t<div class=\"elementor-element elementor-element-971f9de e-con-full e-flex e-con e-child\" data-id=\"971f9de\" data-element_type=\"container\">\n\t\t\t\t<div class=\"elementor-element elementor-element-91451f2 elementor-icon-list--layout-traditional elementor-list-item-link-full_width elementor-widget elementor-widget-global elementor-global-201 elementor-widget-icon-list\" data-id=\"91451f2\" data-element_type=\"widget\" data-widget_type=\"icon-list.default\">\n\t\t\t\t<div class=\"elementor-widget-container\">\n\t\t\t\t\t\t\t<ul class=\"elementor-icon-list-items\">\n\t\t\t\t\t\t\t<li class=\"elementor-icon-list-item\">\n\t\t\t\t\t\t\t\t\t\t<span class=\"elementor-icon-list-text\"><b>Hotel Seehof AG<\/b><\/span>\n\t\t\t\t\t\t\t\t\t<\/li>\n\t\t\t\t\t\t\t\t<li class=\"elementor-icon-list-item\">\n\t\t\t\t\t\t\t\t\t\t<span class=\"elementor-icon-list-text\">Voa Davos Lai 26<\/span>\n\t\t\t\t\t\t\t\t\t<\/li>\n\t\t\t\t\t\t\t\t<li class=\"elementor-icon-list-item\">\n\t\t\t\t\t\t\t\t\t\t<span class=\"elementor-icon-list-text\">CH-7077 Valbella-Lenzerheide<\/span>\n\t\t\t\t\t\t\t\t\t<\/li>\n\t\t\t\t\t\t\t\t<li class=\"elementor-icon-list-item\">\n\t\t\t\t\t\t\t\t\t\t\t<a href=\"mailto:hotel@seehof-valbella.ch\">\n\n\t\t\t\t\t\t\t\t\t\t\t<span class=\"elementor-icon-list-text\">hotel@seehof-valbella.ch<\/span>\n\t\t\t\t\t\t\t\t\t\t\t<\/a>\n\t\t\t\t\t\t\t\t\t<\/li>\n\t\t\t\t\t\t\t\t<li class=\"elementor-icon-list-item\">\n\t\t\t\t\t\t\t\t\t\t\t<a href=\"tel:+41%2081%20384%2035%2035\">\n\n\t\t\t\t\t\t\t\t\t\t\t<span class=\"elementor-icon-list-text\">+41 81 384 35 35<\/span>\n\t\t\t\t\t\t\t\t\t\t\t<\/a>\n\t\t\t\t\t\t\t\t\t<\/li>\n\t\t\t\t\t\t<\/ul>\n\t\t\t\t\t\t<\/div>\n\t\t\t\t<\/div>\n\t\t\t\t<div class=\"elementor-element elementor-element-c062cb3 elementor-widget elementor-widget-button\" data-id=\"c062cb3\" data-element_type=\"widget\" data-widget_type=\"button.default\">\n\t\t\t\t<div class=\"elementor-widget-container\">\n\t\t\t\t\t\t\t\t\t<div class=\"elementor-button-wrapper\">\n\t\t\t\t\t<a class=\"elementor-button elementor-button-link elementor-size-sm\" href=\"https:\/\/www.google.com\/maps\/dir\/My+Location\/Hotel+Seehof+AG\" target=\"_blank\" rel=\"noopener noreferrer nofollow\">\n\t\t\t\t\t\t<span class=\"elementor-button-content-wrapper\">\n\t\t\t\t\t\t\t\t\t<span class=\"elementor-button-text\">Plan your journey<\/span>\n\t\t\t\t\t<\/span>\n\t\t\t\t\t<\/a>\n\t\t\t\t<\/div>\n\t\t\t\t\t\t\t\t<\/div>\n\t\t\t\t<\/div>\n\t\t\t\t<div class=\"elementor-element elementor-element-8c60267 jedv-enabled--yes elementor-widget elementor-widget-text-editor\" data-id=\"8c60267\" data-element_type=\"widget\" data-widget_type=\"text-editor.default\">\n\t\t\t\t<div class=\"elementor-widget-container\">\n\t\t\t\t\t\t\t\t\t<p><strong>Zurzeit befindet sich unser Hotel Restaurant Seehof in der Nebensaison. Ab 13.05.2026 \u00f6ffnen wir wieder unsere T\u00fcren f\u00fcr die Sommersaison &amp; begr\u00fcssen Sie mit unserer neuen Sommer Speisekarte.<\/p>\n<p><\/strong><\/p>\n<p><strong>Anreise mit den \u00f6ffentlichen Verkehrsmitteln<\/strong><\/p>\n<p>Sie erreichen uns und bequem mit dem <a href=\"https:\/\/www.sbb.ch\/de\" target=\"_blank\" rel=\"noopener noreferrer nofollow\">Postauto<\/a>, und steigen bei der Haltestelle <strong>Valbella, Canols<\/strong> aus. In Canols steigen Sie auf den lokalen, kostenlosen Sportbus um. Der Sportbus h\u00e4lt direkt vor dem Hotel und verbindet die Kurregion im Thal. Der Sportbus ist vom 6. Juni 2026 bis 24. Oktober 2026 in Betrieb. Er f\u00e4hrt ca. alle 20 Minuten. Bitte beachten Sie, dass der Sportbus jeweils nur bis ca. 17.00 Uhr f\u00e4hrt. Den genauen Fahrplan finden sie <a href=\"https:\/\/arosalenzerheide.swiss\/1-content-hauptseiten\/02_lenzerheide\/06_admin\/widgets\/sportbus\/index.html\" target=\"_blank\" rel=\"noopener noreferrer nofollow\">hier<\/a>. \u00a0Der Sportbus ist besonders praktisch, um an die Ausflugsorte in Valbella \/ Lenzerheide zu gelangen.<\/p>\n<p>Alternativ f\u00fchrt ein gut begehbarer Fussweg zu unserem Hotel direkt am Heidsee. Der Spaziergang dauert etwa 10 Minuten dem See entlang und f\u00fchrt Sie direkt zu uns.<\/p>\n<p>Gerne holen wir am Anreisetag unsere G\u00e4ste auf vorg\u00e4ngige Vereinbarung mit unserem Hotelbus in Canols ab, sollte der Sportbus noch nicht fahren. Kontaktieren Sie uns daf\u00fcr einige Tage im Voraus, wir helfen Ihnen gerne bei der Planung Ihrer Anreise.<\/p>\n<p>Wir empfehlen, bei der Anreise nach Valbella gen\u00fcgend Zeit einzuplanen, damit Sie Ihre Ankunft entspannt geniessen k\u00f6nnen.<\/p>\n<p>&nbsp;<\/p>\n<p>&nbsp;<\/p>\n<p><strong>\u00a0<\/strong><\/p>\n\t\t\t\t\t\t\t\t<\/div>\n\t\t\t\t<\/div>\n\t\t\t\t<\/div>\n\t\t\t\t<\/div>\n\t\t\t\t\t<\/div>\n\t\t\t\t<\/div>\n\t\t\t\t<\/div>\n\t\t","protected":false},"excerpt":{"rendered":"<p>Plan your journey<\/p>\n","protected":false},"author":3,"featured_media":0,"parent":0,"menu_order":0,"comment_status":"closed","ping_status":"closed","template":"","meta":{"footnotes":""},"class_list":["post-2415","page","type-page","status-publish","hentry"],"yoast_head":"<!-- This site is optimized with the Yoast SEO plugin v25.4 - https:\/\/yoast.com\/wordpress\/plugins\/seo\/ -->\n<title>Contact - Seehof Valbella<\/title>\n<meta name=\"robots\" content=\"index, follow, max-snippet:-1, max-image-preview:large, max-video-preview:-1\" \/>\n<link rel=\"canonical\" href=\"https:\/\/seehof-valbella.ch\/en\/contact-us\/\" \/>\n<meta property=\"og:locale\" content=\"en_US\" \/>\n<meta property=\"og:type\" content=\"article\" \/>\n<meta property=\"og:title\" content=\"Contact - Seehof Valbella\" \/>\n<meta property=\"og:description\" content=\"Plan your journey\" \/>\n<meta property=\"og:url\" content=\"https:\/\/seehof-valbella.ch\/en\/contact-us\/\" \/>\n<meta property=\"og:site_name\" content=\"Seehof Valbella\" \/>\n<meta property=\"article:modified_time\" content=\"2026-04-29T11:36:13+00:00\" \/>\n<meta name=\"twitter:card\" content=\"summary_large_image\" \/>\n<script type=\"application\/ld+json\" class=\"yoast-schema-graph\">{\"@context\":\"https:\/\/schema.org\",\"@graph\":[{\"@type\":\"WebPage\",\"@id\":\"https:\/\/seehof-valbella.ch\/en\/contact-us\/\",\"url\":\"https:\/\/seehof-valbella.ch\/en\/contact-us\/\",\"name\":\"Contact - Seehof Valbella\",\"isPartOf\":{\"@id\":\"https:\/\/seehof-valbella.ch\/#website\"},\"datePublished\":\"2023-07-18T13:27:11+00:00\",\"dateModified\":\"2026-04-29T11:36:13+00:00\",\"breadcrumb\":{\"@id\":\"https:\/\/seehof-valbella.ch\/en\/contact-us\/#breadcrumb\"},\"inLanguage\":\"en-US\",\"potentialAction\":[{\"@type\":\"ReadAction\",\"target\":[\"https:\/\/seehof-valbella.ch\/en\/contact-us\/\"]}]},{\"@type\":\"BreadcrumbList\",\"@id\":\"https:\/\/seehof-valbella.ch\/en\/contact-us\/#breadcrumb\",\"itemListElement\":[{\"@type\":\"ListItem\",\"position\":1,\"name\":\"Startseite\",\"item\":\"https:\/\/seehof-valbella.ch\/en\/\"},{\"@type\":\"ListItem\",\"position\":2,\"name\":\"Contact\"}]},{\"@type\":\"WebSite\",\"@id\":\"https:\/\/seehof-valbella.ch\/#website\",\"url\":\"https:\/\/seehof-valbella.ch\/\",\"name\":\"Seehof Valbella\",\"description\":\"Hotel in Lenzerheide Valbella\",\"publisher\":{\"@id\":\"https:\/\/seehof-valbella.ch\/#organization\"},\"potentialAction\":[{\"@type\":\"SearchAction\",\"target\":{\"@type\":\"EntryPoint\",\"urlTemplate\":\"https:\/\/seehof-valbella.ch\/?s={search_term_string}\"},\"query-input\":{\"@type\":\"PropertyValueSpecification\",\"valueRequired\":true,\"valueName\":\"search_term_string\"}}],\"inLanguage\":\"en-US\"},{\"@type\":\"Organization\",\"@id\":\"https:\/\/seehof-valbella.ch\/#organization\",\"name\":\"Seehof Valbella\",\"url\":\"https:\/\/seehof-valbella.ch\/\",\"logo\":{\"@type\":\"ImageObject\",\"inLanguage\":\"en-US\",\"@id\":\"https:\/\/seehof-valbella.ch\/#\/schema\/logo\/image\/\",\"url\":\"https:\/\/seehof-valbella.ch\/wp-content\/uploads\/2024\/10\/seehof-logo-sw.svg\",\"contentUrl\":\"https:\/\/seehof-valbella.ch\/wp-content\/uploads\/2024\/10\/seehof-logo-sw.svg\",\"width\":621,\"height\":225,\"caption\":\"Seehof Valbella\"},\"image\":{\"@id\":\"https:\/\/seehof-valbella.ch\/#\/schema\/logo\/image\/\"}}]}<\/script>\n<!-- \/ Yoast SEO plugin. -->","yoast_head_json":{"title":"Contact - Seehof Valbella","robots":{"index":"index","follow":"follow","max-snippet":"max-snippet:-1","max-image-preview":"max-image-preview:large","max-video-preview":"max-video-preview:-1"},"canonical":"https:\/\/seehof-valbella.ch\/en\/contact-us\/","og_locale":"en_US","og_type":"article","og_title":"Contact - Seehof Valbella","og_description":"Plan your journey","og_url":"https:\/\/seehof-valbella.ch\/en\/contact-us\/","og_site_name":"Seehof Valbella","article_modified_time":"2026-04-29T11:36:13+00:00","twitter_card":"summary_large_image","schema":{"@context":"https:\/\/schema.org","@graph":[{"@type":"WebPage","@id":"https:\/\/seehof-valbella.ch\/en\/contact-us\/","url":"https:\/\/seehof-valbella.ch\/en\/contact-us\/","name":"Contact - Seehof Valbella","isPartOf":{"@id":"https:\/\/seehof-valbella.ch\/#website"},"datePublished":"2023-07-18T13:27:11+00:00","dateModified":"2026-04-29T11:36:13+00:00","breadcrumb":{"@id":"https:\/\/seehof-valbella.ch\/en\/contact-us\/#breadcrumb"},"inLanguage":"en-US","potentialAction":[{"@type":"ReadAction","target":["https:\/\/seehof-valbella.ch\/en\/contact-us\/"]}]},{"@type":"BreadcrumbList","@id":"https:\/\/seehof-valbella.ch\/en\/contact-us\/#breadcrumb","itemListElement":[{"@type":"ListItem","position":1,"name":"Startseite","item":"https:\/\/seehof-valbella.ch\/en\/"},{"@type":"ListItem","position":2,"name":"Contact"}]},{"@type":"WebSite","@id":"https:\/\/seehof-valbella.ch\/#website","url":"https:\/\/seehof-valbella.ch\/","name":"Seehof Valbella","description":"Hotel in Lenzerheide Valbella","publisher":{"@id":"https:\/\/seehof-valbella.ch\/#organization"},"potentialAction":[{"@type":"SearchAction","target":{"@type":"EntryPoint","urlTemplate":"https:\/\/seehof-valbella.ch\/?s={search_term_string}"},"query-input":{"@type":"PropertyValueSpecification","valueRequired":true,"valueName":"search_term_string"}}],"inLanguage":"en-US"},{"@type":"Organization","@id":"https:\/\/seehof-valbella.ch\/#organization","name":"Seehof Valbella","url":"https:\/\/seehof-valbella.ch\/","logo":{"@type":"ImageObject","inLanguage":"en-US","@id":"https:\/\/seehof-valbella.ch\/#\/schema\/logo\/image\/","url":"https:\/\/seehof-valbella.ch\/wp-content\/uploads\/2024\/10\/seehof-logo-sw.svg","contentUrl":"https:\/\/seehof-valbella.ch\/wp-content\/uploads\/2024\/10\/seehof-logo-sw.svg","width":621,"height":225,"caption":"Seehof Valbella"},"image":{"@id":"https:\/\/seehof-valbella.ch\/#\/schema\/logo\/image\/"}}]}},"_links":{"self":[{"href":"https:\/\/seehof-valbella.ch\/en\/wp-json\/wp\/v2\/pages\/2415","targetHints":{"allow":["GET"]}}],"collection":[{"href":"https:\/\/seehof-valbella.ch\/en\/wp-json\/wp\/v2\/pages"}],"about":[{"href":"https:\/\/seehof-valbella.ch\/en\/wp-json\/wp\/v2\/types\/page"}],"author":[{"embeddable":true,"href":"https:\/\/seehof-valbella.ch\/en\/wp-json\/wp\/v2\/users\/3"}],"replies":[{"embeddable":true,"href":"https:\/\/seehof-valbella.ch\/en\/wp-json\/wp\/v2\/comments?post=2415"}],"version-history":[{"count":15,"href":"https:\/\/seehof-valbella.ch\/en\/wp-json\/wp\/v2\/pages\/2415\/revisions"}],"predecessor-version":[{"id":4210,"href":"https:\/\/seehof-valbella.ch\/en\/wp-json\/wp\/v2\/pages\/2415\/revisions\/4210"}],"wp:attachment":[{"href":"https:\/\/seehof-valbella.ch\/en\/wp-json\/wp\/v2\/media?parent=2415"}],"curies":[{"name":"wp","href":"https:\/\/api.w.org\/{rel}","templated":true}]}}